{"id":2101,"date":"2024-03-08T13:17:42","date_gmt":"2024-03-08T13:17:42","guid":{"rendered":"https:\/\/staroil.es\/?page_id=2101"},"modified":"2025-04-21T09:04:20","modified_gmt":"2025-04-21T09:04:20","slug":"app","status":"publish","type":"page","link":"https:\/\/staroil.es\/en\/app\/","title":{"rendered":"APP"},"content":{"rendered":"<div data-elementor-type=\"wp-page\" data-elementor-id=\"2101\" class=\"elementor elementor-2101\" data-elementor-post-type=\"page\">\n\t\t\t\t\t\t<section class=\"elementor-section elementor-top-section elementor-element elementor-element-5d37156e elementor-section-content-middle elementor-section-boxed elementor-section-height-default elementor-section-height-default elementor-invisible\" data-id=\"5d37156e\" data-element_type=\"section\" data-settings=\"{&quot;background_background&quot;:&quot;classic&quot;,&quot;animation&quot;:&quot;fadeInDown&quot;}\">\n\t\t\t\t\t\t\t<div class=\"elementor-background-overlay\"><\/div>\n\t\t\t\t\t\t\t<div class=\"elementor-container elementor-column-gap-no\">\n\t\t\t\t\t<div class=\"elementor-column elementor-col-50 elementor-top-column elementor-element elementor-element-7add0143\" data-id=\"7add0143\" data-element_type=\"column\">\n\t\t\t<div class=\"elementor-widget-wrap elementor-element-populated\">\n\t\t\t\t\t\t<div class=\"elementor-element elementor-element-2514dd2f elementor-widget__width-initial elementor-invisible elementor-widget elementor-widget-heading\" data-id=\"2514dd2f\" data-element_type=\"widget\" data-settings=\"{&quot;_animation&quot;:&quot;fadeInDown&quot;}\" data-widget_type=\"heading.default\">\n\t\t\t\t<div class=\"elementor-widget-container\">\n\t\t\t\t\t<h1 class=\"elementor-heading-title elementor-size-default\">DOWNLOAD OUR APP<\/h1>\t\t\t\t<\/div>\n\t\t\t\t<\/div>\n\t\t\t\t<div class=\"elementor-element elementor-element-6193c296 elementor-widget-divider--view-line elementor-invisible elementor-widget elementor-widget-divider\" data-id=\"6193c296\" data-element_type=\"widget\" data-settings=\"{&quot;_animation&quot;:&quot;fadeInLeft&quot;}\" data-widget_type=\"divider.default\">\n\t\t\t\t<div class=\"elementor-widget-container\">\n\t\t\t\t\t\t\t<div class=\"elementor-divider\">\n\t\t\t<span class=\"elementor-divider-separator\">\n\t\t\t\t\t\t<\/span>\n\t\t<\/div>\n\t\t\t\t\t\t<\/div>\n\t\t\t\t<\/div>\n\t\t<div class=\"elementor-element elementor-element-325ba070 e-flex e-con-boxed e-con e-parent\" data-id=\"325ba070\" data-element_type=\"container\">\n\t\t\t\t\t<div class=\"e-con-inner\">\n\t\t\t\t<div class=\"elementor-element elementor-element-57821ab7 elementor-widget__width-initial elementor-invisible elementor-widget elementor-widget-image\" data-id=\"57821ab7\" data-element_type=\"widget\" data-settings=\"{&quot;_animation&quot;:&quot;fadeInLeft&quot;}\" data-widget_type=\"image.default\">\n\t\t\t\t<div class=\"elementor-widget-container\">\n\t\t\t\t\t\t\t\t\t\t\t\t\t\t\t\t<a href=\"https:\/\/play.google.com\/store\/apps\/details?id=com.galvintec.staroil\" target=\"_blank\" rel=\"noopener\">\n\t\t\t\t\t\t\t<img fetchpriority=\"high\" decoding=\"async\" width=\"1024\" height=\"315\" src=\"https:\/\/staroil.es\/wp-content\/uploads\/2024\/02\/GooglePlay-1024x315.png\" class=\"attachment-large size-large wp-image-1273\" alt=\"\" srcset=\"https:\/\/staroil.es\/wp-content\/uploads\/2024\/02\/GooglePlay-1024x315.png 1024w, https:\/\/staroil.es\/wp-content\/uploads\/2024\/02\/GooglePlay-600x185.png 600w, https:\/\/staroil.es\/wp-content\/uploads\/2024\/02\/GooglePlay-300x92.png 300w, https:\/\/staroil.es\/wp-content\/uploads\/2024\/02\/GooglePlay-768x236.png 768w, https:\/\/staroil.es\/wp-content\/uploads\/2024\/02\/GooglePlay.png 1157w\" sizes=\"(max-width: 1024px) 100vw, 1024px\" \/>\t\t\t\t\t\t\t\t<\/a>\n\t\t\t\t\t\t\t\t\t\t\t\t\t\t\t<\/div>\n\t\t\t\t<\/div>\n\t\t\t\t<div class=\"elementor-element elementor-element-48ca3a54 elementor-widget__width-initial elementor-invisible elementor-widget elementor-widget-image\" data-id=\"48ca3a54\" data-element_type=\"widget\" data-settings=\"{&quot;_animation&quot;:&quot;fadeInLeft&quot;}\" data-widget_type=\"image.default\">\n\t\t\t\t<div class=\"elementor-widget-container\">\n\t\t\t\t\t\t\t\t\t\t\t\t\t\t\t\t<a href=\"https:\/\/apps.apple.com\/es\/app\/staroil\/id1611741114\" target=\"_blank\" rel=\"noopener\">\n\t\t\t\t\t\t\t<img decoding=\"async\" width=\"1024\" height=\"315\" src=\"https:\/\/staroil.es\/wp-content\/uploads\/2024\/02\/AppleStore-1024x315.png\" class=\"attachment-large size-large wp-image-1272\" alt=\"\" srcset=\"https:\/\/staroil.es\/wp-content\/uploads\/2024\/02\/AppleStore-1024x315.png 1024w, https:\/\/staroil.es\/wp-content\/uploads\/2024\/02\/AppleStore-600x185.png 600w, https:\/\/staroil.es\/wp-content\/uploads\/2024\/02\/AppleStore-300x92.png 300w, https:\/\/staroil.es\/wp-content\/uploads\/2024\/02\/AppleStore-768x236.png 768w, https:\/\/staroil.es\/wp-content\/uploads\/2024\/02\/AppleStore.png 1157w\" sizes=\"(max-width: 1024px) 100vw, 1024px\" \/>\t\t\t\t\t\t\t\t<\/a>\n\t\t\t\t\t\t\t\t\t\t\t\t\t\t\t<\/div>\n\t\t\t\t<\/div>\n\t\t\t\t\t<\/div>\n\t\t\t\t<\/div>\n\t\t\t\t\t<\/div>\n\t\t<\/div>\n\t\t\t\t<div class=\"elementor-column elementor-col-50 elementor-top-column elementor-element elementor-element-30c46bde\" data-id=\"30c46bde\" data-element_type=\"column\">\n\t\t\t<div class=\"elementor-widget-wrap elementor-element-populated\">\n\t\t\t\t\t\t<div class=\"elementor-element elementor-element-ce67372 elementor-invisible elementor-widget elementor-widget-image\" data-id=\"ce67372\" data-element_type=\"widget\" data-settings=\"{&quot;motion_fx_motion_fx_scrolling&quot;:&quot;yes&quot;,&quot;motion_fx_translateY_effect&quot;:&quot;yes&quot;,&quot;_animation&quot;:&quot;fadeInUp&quot;,&quot;motion_fx_translateY_speed&quot;:{&quot;unit&quot;:&quot;px&quot;,&quot;size&quot;:4,&quot;sizes&quot;:[]},&quot;motion_fx_translateY_affectedRange&quot;:{&quot;unit&quot;:&quot;%&quot;,&quot;size&quot;:&quot;&quot;,&quot;sizes&quot;:{&quot;start&quot;:0,&quot;end&quot;:100}},&quot;motion_fx_devices&quot;:[&quot;desktop&quot;,&quot;tablet_extra&quot;,&quot;tablet&quot;,&quot;mobile&quot;]}\" data-widget_type=\"image.default\">\n\t\t\t\t<div class=\"elementor-widget-container\">\n\t\t\t\t\t\t\t\t\t\t\t\t\t\t\t<img decoding=\"async\" width=\"710\" height=\"1024\" src=\"https:\/\/staroil.es\/wp-content\/uploads\/2024\/02\/mockup-app-1-710x1024.png\" class=\"attachment-large size-large wp-image-1329\" alt=\"\" srcset=\"https:\/\/staroil.es\/wp-content\/uploads\/2024\/02\/mockup-app-1-710x1024.png 710w, https:\/\/staroil.es\/wp-content\/uploads\/2024\/02\/mockup-app-1-600x865.png 600w, https:\/\/staroil.es\/wp-content\/uploads\/2024\/02\/mockup-app-1-208x300.png 208w, https:\/\/staroil.es\/wp-content\/uploads\/2024\/02\/mockup-app-1-768x1108.png 768w, https:\/\/staroil.es\/wp-content\/uploads\/2024\/02\/mockup-app-1-1065x1536.png 1065w, https:\/\/staroil.es\/wp-content\/uploads\/2024\/02\/mockup-app-1-1420x2048.png 1420w, https:\/\/staroil.es\/wp-content\/uploads\/2024\/02\/mockup-app-1.png 1617w\" sizes=\"(max-width: 710px) 100vw, 710px\" \/>\t\t\t\t\t\t\t\t\t\t\t\t\t\t\t<\/div>\n\t\t\t\t<\/div>\n\t\t\t\t\t<\/div>\n\t\t<\/div>\n\t\t\t\t\t<\/div>\n\t\t<\/section>\n\t\t<div class=\"elementor-element elementor-element-2fb1aa7 e-flex e-con-boxed e-con e-parent\" data-id=\"2fb1aa7\" data-element_type=\"container\">\n\t\t\t\t\t<div class=\"e-con-inner\">\n\t\t<div class=\"elementor-element elementor-element-5e3dba9 e-con-full e-flex e-con e-child\" data-id=\"5e3dba9\" data-element_type=\"container\">\n\t\t\t\t<div class=\"elementor-element elementor-element-c344da8 elementor-position-left elementor-vertical-align-top elementor-widget elementor-widget-image-box\" data-id=\"c344da8\" data-element_type=\"widget\" data-widget_type=\"image-box.default\">\n\t\t\t\t<div class=\"elementor-widget-container\">\n\t\t\t\t\t<div class=\"elementor-image-box-wrapper\"><figure class=\"elementor-image-box-img\"><img loading=\"lazy\" decoding=\"async\" width=\"226\" height=\"226\" src=\"https:\/\/staroil.es\/wp-content\/uploads\/2025\/04\/gasolinera.png\" class=\"attachment-full size-full wp-image-6813\" alt=\"\" srcset=\"https:\/\/staroil.es\/wp-content\/uploads\/2025\/04\/gasolinera.png 226w, https:\/\/staroil.es\/wp-content\/uploads\/2025\/04\/gasolinera-150x150.png 150w, https:\/\/staroil.es\/wp-content\/uploads\/2025\/04\/gasolinera-12x12.png 12w, https:\/\/staroil.es\/wp-content\/uploads\/2025\/04\/gasolinera-100x100.png 100w\" sizes=\"(max-width: 226px) 100vw, 226px\" \/><\/figure><div class=\"elementor-image-box-content\"><h3 class=\"elementor-image-box-title\">estaciones de servicio<\/h3><p class=\"elementor-image-box-description\">Descubre nuestra extensa red de estaciones de servicio y accede f\u00e1cilmente a informaci\u00f3n sobre c\u00f3mo llegar a cada una de ellas, as\u00ed como a todos los servicios que ofrecen<\/p><\/div><\/div>\t\t\t\t<\/div>\n\t\t\t\t<\/div>\n\t\t\t\t<div class=\"elementor-element elementor-element-c7580e0 elementor-position-left elementor-vertical-align-top elementor-widget elementor-widget-image-box\" data-id=\"c7580e0\" data-element_type=\"widget\" data-widget_type=\"image-box.default\">\n\t\t\t\t<div class=\"elementor-widget-container\">\n\t\t\t\t\t<div class=\"elementor-image-box-wrapper\"><figure class=\"elementor-image-box-img\"><img loading=\"lazy\" decoding=\"async\" width=\"226\" height=\"226\" src=\"https:\/\/staroil.es\/wp-content\/uploads\/2025\/04\/combustible.png\" class=\"attachment-full size-full wp-image-6820\" alt=\"\" srcset=\"https:\/\/staroil.es\/wp-content\/uploads\/2025\/04\/combustible.png 226w, https:\/\/staroil.es\/wp-content\/uploads\/2025\/04\/combustible-150x150.png 150w, https:\/\/staroil.es\/wp-content\/uploads\/2025\/04\/combustible-12x12.png 12w, https:\/\/staroil.es\/wp-content\/uploads\/2025\/04\/combustible-100x100.png 100w\" sizes=\"(max-width: 226px) 100vw, 226px\" \/><\/figure><div class=\"elementor-image-box-content\"><h3 class=\"elementor-image-box-title\">combustible a domicilio<\/h3><p class=\"elementor-image-box-description\">\u00bfNecesitas combustible sin salir de casa? Nosotros te lo llevamos. Entra en la app, haz tu pedido ahora mismo y recibe tu entrega r\u00e1pida y segura. \u00a1Haz clic para solicitarlo ya!<\/p><\/div><\/div>\t\t\t\t<\/div>\n\t\t\t\t<\/div>\n\t\t\t\t<div class=\"elementor-element elementor-element-624ae8e elementor-position-left elementor-vertical-align-top elementor-widget elementor-widget-image-box\" data-id=\"624ae8e\" data-element_type=\"widget\" data-widget_type=\"image-box.default\">\n\t\t\t\t<div class=\"elementor-widget-container\">\n\t\t\t\t\t<div class=\"elementor-image-box-wrapper\"><figure class=\"elementor-image-box-img\"><img loading=\"lazy\" decoding=\"async\" width=\"226\" height=\"226\" src=\"https:\/\/staroil.es\/wp-content\/uploads\/2025\/04\/localizador@3x-1.png\" class=\"attachment-full size-full wp-image-6825\" alt=\"\" srcset=\"https:\/\/staroil.es\/wp-content\/uploads\/2025\/04\/localizador@3x-1.png 226w, https:\/\/staroil.es\/wp-content\/uploads\/2025\/04\/localizador@3x-1-150x150.png 150w, https:\/\/staroil.es\/wp-content\/uploads\/2025\/04\/localizador@3x-1-12x12.png 12w, https:\/\/staroil.es\/wp-content\/uploads\/2025\/04\/localizador@3x-1-100x100.png 100w\" sizes=\"(max-width: 226px) 100vw, 226px\" \/><\/figure><div class=\"elementor-image-box-content\"><h3 class=\"elementor-image-box-title\">Localiza tu gasolinera<\/h3><p class=\"elementor-image-box-description\">Con nuestra herramienta de localizaci\u00f3n, podr\u00e1s encontrar la gasolinera m\u00e1s cercana, est\u00e9s donde est\u00e9s, dentro de nuestra extensa red de servicios de manera f\u00e1cil y r\u00e1pida.<\/p><\/div><\/div>\t\t\t\t<\/div>\n\t\t\t\t<\/div>\n\t\t\t\t<\/div>\n\t\t<div class=\"elementor-element elementor-element-f01eccb e-con-full e-flex e-con e-child\" data-id=\"f01eccb\" data-element_type=\"container\">\n\t\t\t\t<div class=\"elementor-element elementor-element-af90722 elementor-pagination-position-outside elementor-invisible elementor-widget elementor-widget-image-carousel\" data-id=\"af90722\" data-element_type=\"widget\" data-settings=\"{&quot;slides_to_show&quot;:&quot;1&quot;,&quot;navigation&quot;:&quot;dots&quot;,&quot;_animation&quot;:&quot;fadeInUp&quot;,&quot;_animation_delay&quot;:250,&quot;autoplay&quot;:&quot;yes&quot;,&quot;pause_on_hover&quot;:&quot;yes&quot;,&quot;pause_on_interaction&quot;:&quot;yes&quot;,&quot;autoplay_speed&quot;:5000,&quot;infinite&quot;:&quot;yes&quot;,&quot;effect&quot;:&quot;slide&quot;,&quot;speed&quot;:500}\" data-widget_type=\"image-carousel.default\">\n\t\t\t\t<div class=\"elementor-widget-container\">\n\t\t\t\t\t\t\t<div class=\"elementor-image-carousel-wrapper swiper\" role=\"region\" aria-roledescription=\"carousel\" aria-label=\"Carrusel de im\u00e1genes\" dir=\"ltr\">\n\t\t\t<div class=\"elementor-image-carousel swiper-wrapper\" aria-live=\"off\">\n\t\t\t\t\t\t\t\t<div class=\"swiper-slide\" role=\"group\" aria-roledescription=\"slide\" aria-label=\"1 de 3\"><figure class=\"swiper-slide-inner\"><img decoding=\"async\" class=\"swiper-slide-image\" src=\"https:\/\/staroil.es\/wp-content\/uploads\/2024\/03\/staroil1.png\" alt=\"staroil1\" \/><\/figure><\/div><div class=\"swiper-slide\" role=\"group\" aria-roledescription=\"slide\" aria-label=\"2 de 3\"><figure class=\"swiper-slide-inner\"><img decoding=\"async\" class=\"swiper-slide-image\" src=\"https:\/\/staroil.es\/wp-content\/uploads\/2024\/03\/staroil2.png\" alt=\"staroil2\" \/><\/figure><\/div><div class=\"swiper-slide\" role=\"group\" aria-roledescription=\"slide\" aria-label=\"3 de 3\"><figure class=\"swiper-slide-inner\"><img decoding=\"async\" class=\"swiper-slide-image\" src=\"https:\/\/staroil.es\/wp-content\/uploads\/2024\/03\/staroil3.png\" alt=\"staroil3\" \/><\/figure><\/div>\t\t\t<\/div>\n\t\t\t\t\t\t\t\n\t\t\t\t\t\t\t\t\t<div class=\"swiper-pagination\"><\/div>\n\t\t\t\t\t\t\t\t\t<\/div>\n\t\t\t\t\t\t<\/div>\n\t\t\t\t<\/div>\n\t\t\t\t<\/div>\n\t\t<div class=\"elementor-element elementor-element-46b53b0 e-con-full e-flex e-con e-child\" data-id=\"46b53b0\" data-element_type=\"container\">\n\t\t\t\t<div class=\"elementor-element elementor-element-84f443b elementor-position-left elementor-vertical-align-top elementor-widget elementor-widget-image-box\" data-id=\"84f443b\" data-element_type=\"widget\" data-widget_type=\"image-box.default\">\n\t\t\t\t<div class=\"elementor-widget-container\">\n\t\t\t\t\t<div class=\"elementor-image-box-wrapper\"><figure class=\"elementor-image-box-img\"><img loading=\"lazy\" decoding=\"async\" width=\"226\" height=\"226\" src=\"https:\/\/staroil.es\/wp-content\/uploads\/2025\/04\/lavado-camion.png\" class=\"attachment-full size-full wp-image-6826\" alt=\"\" srcset=\"https:\/\/staroil.es\/wp-content\/uploads\/2025\/04\/lavado-camion.png 226w, https:\/\/staroil.es\/wp-content\/uploads\/2025\/04\/lavado-camion-150x150.png 150w, https:\/\/staroil.es\/wp-content\/uploads\/2025\/04\/lavado-camion-12x12.png 12w, https:\/\/staroil.es\/wp-content\/uploads\/2025\/04\/lavado-camion-100x100.png 100w\" sizes=\"(max-width: 226px) 100vw, 226px\" \/><\/figure><div class=\"elementor-image-box-content\"><h3 class=\"elementor-image-box-title\">lavado de camiones<\/h3><p class=\"elementor-image-box-description\">Reserva tu lavado de cami\u00f3n en nuestras estaciones habilitadas y aseg\u00farate de que tu veh\u00edculo reciba el cuidado  que se merece. \u00a1No esperes y programa tu cita ya!<\/p><\/div><\/div>\t\t\t\t<\/div>\n\t\t\t\t<\/div>\n\t\t\t\t<div class=\"elementor-element elementor-element-0c28b12 elementor-position-left elementor-vertical-align-top elementor-widget elementor-widget-image-box\" data-id=\"0c28b12\" data-element_type=\"widget\" data-widget_type=\"image-box.default\">\n\t\t\t\t<div class=\"elementor-widget-container\">\n\t\t\t\t\t<div class=\"elementor-image-box-wrapper\"><figure class=\"elementor-image-box-img\"><img loading=\"lazy\" decoding=\"async\" width=\"226\" height=\"226\" src=\"https:\/\/staroil.es\/wp-content\/uploads\/2025\/04\/tarjeta.png\" class=\"attachment-full size-full wp-image-6828\" alt=\"\" srcset=\"https:\/\/staroil.es\/wp-content\/uploads\/2025\/04\/tarjeta.png 226w, https:\/\/staroil.es\/wp-content\/uploads\/2025\/04\/tarjeta-150x150.png 150w, https:\/\/staroil.es\/wp-content\/uploads\/2025\/04\/tarjeta-12x12.png 12w, https:\/\/staroil.es\/wp-content\/uploads\/2025\/04\/tarjeta-100x100.png 100w\" sizes=\"(max-width: 226px) 100vw, 226px\" \/><\/figure><div class=\"elementor-image-box-content\"><h3 class=\"elementor-image-box-title\">Nuestras tarjetas<\/h3><p class=\"elementor-image-box-description\">Tus tarjetas de puntos a solo un click. Descubre todas las ventajas de pertenecer al club Staroil y disfruta del ahorro y los beneficios exclusivos para mejorar tu experiencia en cada repostaje. <\/p><\/div><\/div>\t\t\t\t<\/div>\n\t\t\t\t<\/div>\n\t\t\t\t<div class=\"elementor-element elementor-element-f09cc4c elementor-position-left elementor-vertical-align-top elementor-widget elementor-widget-image-box\" data-id=\"f09cc4c\" data-element_type=\"widget\" data-widget_type=\"image-box.default\">\n\t\t\t\t<div class=\"elementor-widget-container\">\n\t\t\t\t\t<div class=\"elementor-image-box-wrapper\"><figure class=\"elementor-image-box-img\"><img loading=\"lazy\" decoding=\"async\" width=\"226\" height=\"226\" src=\"https:\/\/staroil.es\/wp-content\/uploads\/2025\/04\/restaurante.png\" class=\"attachment-full size-full wp-image-6830\" alt=\"\" srcset=\"https:\/\/staroil.es\/wp-content\/uploads\/2025\/04\/restaurante.png 226w, https:\/\/staroil.es\/wp-content\/uploads\/2025\/04\/restaurante-150x150.png 150w, https:\/\/staroil.es\/wp-content\/uploads\/2025\/04\/restaurante-12x12.png 12w, https:\/\/staroil.es\/wp-content\/uploads\/2025\/04\/restaurante-100x100.png 100w\" sizes=\"(max-width: 226px) 100vw, 226px\" \/><\/figure><div class=\"elementor-image-box-content\"><h3 class=\"elementor-image-box-title\">Restaurants<\/h3><p class=\"elementor-image-box-description\">Explora nuestra red de restaurantes, encuentra el m\u00e1s cercano y ven a disfrutar de nuestras exquisitas recetas. \u00a1Te esperamos para que saborees nuestras delicias culinarias!<\/p><\/div><\/div>\t\t\t\t<\/div>\n\t\t\t\t<\/div>\n\t\t\t\t<\/div>\n\t\t\t\t\t<\/div>\n\t\t\t\t<\/div>\n\t\t<div class=\"elementor-element elementor-element-41d4726 e-flex e-con-boxed elementor-invisible e-con e-parent\" data-id=\"41d4726\" data-element_type=\"container\" data-settings=\"{&quot;animation&quot;:&quot;fadeInUp&quot;}\">\n\t\t\t\t\t<div class=\"e-con-inner\">\n\t\t<div class=\"elementor-element elementor-element-1e369e0 e-con-full e-flex e-con e-child\" data-id=\"1e369e0\" data-element_type=\"container\">\n\t\t\t\t<div class=\"elementor-element elementor-element-c0832c4 elementor-widget__width-initial elementor-widget elementor-widget-heading\" data-id=\"c0832c4\" data-element_type=\"widget\" data-widget_type=\"heading.default\">\n\t\t\t\t<div class=\"elementor-widget-container\">\n\t\t\t\t\t<h2 class=\"elementor-heading-title elementor-size-default\">Todo lo que necesitas a un solo click<\/h2>\t\t\t\t<\/div>\n\t\t\t\t<\/div>\n\t\t\t\t<\/div>\n\t\t\t\t\t<\/div>\n\t\t\t\t<\/div>\n\t\t\t\t<\/div>","protected":false},"excerpt":{"rendered":"<p>DESCARGA NUESTRA APP estaciones de servicio Descubre nuestra extensa red de estaciones de servicio y accede f\u00e1cilmente a informaci\u00f3n sobre c\u00f3mo llegar a cada una de ellas, as\u00ed como a todos los servicios que ofrecen combustible a domicilio \u00bfNecesitas combustible sin salir de casa? Nosotros te lo llevamos. Entra en la app, haz tu pedido [&hellip;]<\/p>","protected":false},"author":1,"featured_media":0,"parent":0,"menu_order":0,"comment_status":"closed","ping_status":"closed","template":"","meta":{"site-sidebar-layout":"no-sidebar","site-content-layout":"page-builder","ast-site-content-layout":"full-width-container","site-content-style":"default","site-sidebar-style":"default","ast-global-header-display":"","ast-banner-title-visibility":"","ast-main-header-display":"","ast-hfb-above-header-display":"","ast-hfb-below-header-display":"","ast-hfb-mobile-header-display":"","site-post-title":"disabled","ast-breadcrumbs-content":"","ast-featured-img":"disabled","footer-sml-layout":"","theme-transparent-header-meta":"","adv-header-id-meta":"","stick-header-meta":"","header-above-stick-meta":"","header-main-stick-meta":"","header-below-stick-meta":"","astra-migrate-meta-layouts":"set","ast-page-background-enabled":"default","ast-page-background-meta":{"desktop":{"background-color":"","background-image":"","background-repeat":"repeat","background-position":"center center","background-size":"auto","background-attachment":"scroll","background-type":"","background-media":"","overlay-type":"","overlay-color":"","overlay-opacity":"","overlay-gradient":""},"tablet":{"background-color":"","background-image":"","background-repeat":"repeat","background-position":"center center","background-size":"auto","background-attachment":"scroll","background-type":"","background-media":"","overlay-type":"","overlay-color":"","overlay-opacity":"","overlay-gradient":""},"mobile":{"background-color":"","background-image":"","background-repeat":"repeat","background-position":"center center","background-size":"auto","background-attachment":"scroll","background-type":"","background-media":"","overlay-type":"","overlay-color":"","overlay-opacity":"","overlay-gradient":""}},"ast-content-background-meta":{"desktop":{"background-color":"var(--ast-global-color-5)","background-image":"","background-repeat":"repeat","background-position":"center center","background-size":"auto","background-attachment":"scroll","background-type":"","background-media":"","overlay-type":"","overlay-color":"","overlay-opacity":"","overlay-gradient":""},"tablet":{"background-color":"var(--ast-global-color-5)","background-image":"","background-repeat":"repeat","background-position":"center center","background-size":"auto","background-attachment":"scroll","background-type":"","background-media":"","overlay-type":"","overlay-color":"","overlay-opacity":"","overlay-gradient":""},"mobile":{"background-color":"var(--ast-global-color-5)","background-image":"","background-repeat":"repeat","background-position":"center center","background-size":"auto","background-attachment":"scroll","background-type":"","background-media":"","overlay-type":"","overlay-color":"","overlay-opacity":"","overlay-gradient":""}},"footnotes":""},"class_list":["post-2101","page","type-page","status-publish","hentry"],"_links":{"self":[{"href":"https:\/\/staroil.es\/en\/wp-json\/wp\/v2\/pages\/2101","targetHints":{"allow":["GET"]}}],"collection":[{"href":"https:\/\/staroil.es\/en\/wp-json\/wp\/v2\/pages"}],"about":[{"href":"https:\/\/staroil.es\/en\/wp-json\/wp\/v2\/types\/page"}],"author":[{"embeddable":true,"href":"https:\/\/staroil.es\/en\/wp-json\/wp\/v2\/users\/1"}],"replies":[{"embeddable":true,"href":"https:\/\/staroil.es\/en\/wp-json\/wp\/v2\/comments?post=2101"}],"version-history":[{"count":109,"href":"https:\/\/staroil.es\/en\/wp-json\/wp\/v2\/pages\/2101\/revisions"}],"predecessor-version":[{"id":6833,"href":"https:\/\/staroil.es\/en\/wp-json\/wp\/v2\/pages\/2101\/revisions\/6833"}],"wp:attachment":[{"href":"https:\/\/staroil.es\/en\/wp-json\/wp\/v2\/media?parent=2101"}],"curies":[{"name":"wp","href":"https:\/\/api.w.org\/{rel}","templated":true}]}}